{"id":69,"date":"2026-02-28T23:00:21","date_gmt":"2026-02-28T23:00:21","guid":{"rendered":"https:\/\/trabsubca.com\/contact\/"},"modified":"2026-03-17T03:41:16","modified_gmt":"2026-03-17T03:41:16","slug":"contact","status":"publish","type":"page","link":"https:\/\/trabsubca.com\/en\/contact\/","title":{"rendered":"Contact"},"content":{"rendered":"<div data-elementor-type=\"wp-page\" data-elementor-id=\"69\" class=\"elementor elementor-69\">\n\t\t\t\t<div class=\"elementor-element elementor-element-c07c979 e-flex e-con-boxed e-con e-parent\" data-id=\"c07c979\" data-element_type=\"container\" data-e-type=\"container\" data-settings=\"{&quot;background_background&quot;:&quot;classic&quot;}\">\n\t\t\t\t\t<div class=\"e-con-inner\">\n\t\t<div class=\"elementor-element elementor-element-dd550fd e-con-full e-flex e-con e-child\" data-id=\"dd550fd\" data-element_type=\"container\" data-e-type=\"container\">\n\t\t\t\t<div class=\"elementor-element elementor-element-9e9e8bb elementor-invisible elementor-widget elementor-widget-heading\" data-id=\"9e9e8bb\" data-element_type=\"widget\" data-e-type=\"widget\" data-settings=\"{&quot;_animation&quot;:&quot;fadeInLeft&quot;}\" data-widget_type=\"heading.default\">\n\t\t\t\t\t<h2 class=\"elementor-heading-title elementor-size-default\">Contact us<\/h2>\t\t\t\t<\/div>\n\t\t\t\t<\/div>\n\t\t\t\t\t<\/div>\n\t\t\t\t<\/div>\n\t\t<div class=\"elementor-element elementor-element-0dc9c5c e-flex e-con-boxed e-con e-parent\" data-id=\"0dc9c5c\" data-element_type=\"container\" data-e-type=\"container\">\n\t\t\t\t\t<div class=\"e-con-inner\">\n\t\t\t\t<div class=\"elementor-element elementor-element-c3f6f7b elementor-widget elementor-widget-solaceform\" data-id=\"c3f6f7b\" data-element_type=\"widget\" data-e-type=\"widget\" data-widget_type=\"solaceform.default\">\n\t\t\t\t<div class=\"elementor-widget-container\">\n\t\t\t\t\t<style>.elementor-element-c3f6f7b input.solaceform-style-field,.elementor-element-c3f6f7b textarea.solaceform-style-field,.elementor-element-c3f6f7b select.solaceform-style-field,.elementor-element-c3f6f7b .solaceform-field-group input,.elementor-element-c3f6f7b .solaceform-field-group textarea,.elementor-element-c3f6f7b .solaceform-field-group select { border-style: solid;border-width: 2px 2px 2px 2px;border-color: #EDEDED; }<\/style>\n\t\t<form class=\"solaceform-form\" method=\"post\" data-post_id=\"69\" data-el_id=\"c3f6f7b\" enctype=\"multipart\/form-data\" action=\"\">\n\t\t<div class=\"solaceform-fields elementor-repeater-item-9aa5511 efb-field-width-100 efb-field-width-tablet- efb-field-width-mobile-\">\t\t\t\t<label>Name<\/label>\n\t\t\t\t\t\t<span style=\"color: red; \">*<\/span>\n\t\t\t\t\t<input\n\t\t\t\t\t\t\t\t\t\tname=\"name\"\n\t\t\t\t\t\t\t\t\t\t\t\t\tget_label=\"Nombre\"\n\t\t\t\t\t\t\t\ttype=\"text\"\n\t\t\t\tclass=\"solaceform-style-field\"\n\t\t\t\tplaceholder=\" Example: John Smith\"\n\t\t\t\trequired\t\t\t\t\t\taccept=\"&quot;&quot;\t\t\t\">\n\t\t<\/div><div class=\"solaceform-fields elementor-repeater-item-cce5398 efb-field-width-100 efb-field-width-tablet- efb-field-width-mobile-\">\t\t\t\t<label>Company | Organisation<\/label>\n\t\t\t\t\t\t<input\n\t\t\t\t\t\t\t\t\t\tname=\"field__42762_3754\"\n\t\t\t\t\t\t\t\t\t\t\t\t\tget_label=\"Empresa | Organizaci\u00f3n\"\n\t\t\t\t\t\t\t\ttype=\"text\"\n\t\t\t\tclass=\"solaceform-style-field\"\n\t\t\t\tplaceholder=\"Example: Maritime Company Ltd.\"\n\t\t\t\t\t\t\t\t\t\taccept=\"&quot;&quot;\t\t\t\">\n\t\t<\/div><div class=\"solaceform-fields elementor-repeater-item-caee398 efb-field-width-100 efb-field-width-tablet- efb-field-width-mobile-\">\t\t\t\t<label>Email<\/label>\n\t\t\t\t\t\t<span style=\"color: red; \">*<\/span>\n\t\t\t\t\t<input\n\t\t\t\t\t\t\t\t\t\tname=\"email\"\n\t\t\t\t\t\t\t\t\t\t\t\t\tget_label=\"Correo Electr\u00f3nico\"\n\t\t\t\t\t\t\t\ttype=\"email\"\n\t\t\t\tclass=\"solaceform-style-field\"\n\t\t\t\tplaceholder=\"Example: johnsmith@gmail.com\"\n\t\t\t\trequired\t\t\t\t\t\taccept=\"&quot;&quot;\t\t\t\">\n\t\t<\/div><div class=\"solaceform-fields elementor-repeater-item-7c184ff efb-field-width-100 efb-field-width-tablet- efb-field-width-mobile-\">\t\t\t\t<label>Country<\/label>\n\t\t\t\t\t\t<span style=\"color: red; \">*<\/span>\n\t\t\t\t\t<input\n\t\t\t\t\t\t\t\t\t\tname=\"field__49171_9647\"\n\t\t\t\t\t\t\t\t\t\t\t\t\tget_label=\"Pa\u00eds\"\n\t\t\t\t\t\t\t\ttype=\"text\"\n\t\t\t\tclass=\"solaceform-style-field\"\n\t\t\t\tplaceholder=\"Write your country\"\n\t\t\t\trequired\t\t\t\t\t\taccept=\"&quot;&quot;\t\t\t\">\n\t\t<\/div><div class=\"solaceform-fields elementor-repeater-item-8c94943 efb-field-width-100 efb-field-width-tablet- efb-field-width-mobile-\">\t\t\t\t<label>Message<\/label>\n\t\t\t\t\t\t<span style=\"color: red; \">*<\/span>\n\t\t\t\t\t<textarea\n\t\t\t\tname=\"message\"\n\t\t\t\tclass=\"solaceform-style-field\"\n\t\t\t\trows=\"4\"\n\t\t\t\tplaceholder=\"Please briefly describe your project or inquiry\"\n\t\t\t\t\t\t\tget_label=\"Mensaje\"\n\t\t\t\t\t\t\trequired\t\t\t><\/textarea>\n\t\t<\/div>\t\t\t<div style=\"display: inline-block;\" class=\"solaceform-form-button-wrap efb-field-width-33 efb-field-width-tablet-33 efb-field-width-mobile-33\" >\n\t\t\t\t<div class=\"box-button\">\n\t\t\t\t\t\t\t\t\t\t\t<button class=\"elementor-button solaceform-form-button\" type=\"submit\">\n\t\t\t\t\t\t\t\t\t\t\t\t\t\t\t\t\t\t<svg aria-hidden=\"true\" class=\"e-font-icon-svg e-fas-arrow-right\" viewbox=\"0 0 448 512\" xmlns=\"http:\/\/www.w3.org\/2000\/svg\"><path d=\"M190.5 66.9l22.2-22.2c9.4-9.4 24.6-9.4 33.9 0L441 239c9.4 9.4 9.4 24.6 0 33.9L246.6 467.3c-9.4 9.4-24.6 9.4-33.9 0l-22.2-22.2c-9.5-9.5-9.3-25 .4-34.3L311.4 296H24c-13.3 0-24-10.7-24-24v-32c0-13.3 10.7-24 24-24h287.4L190.9 101.2c-9.8-9.3-10-24.8-.4-34.3z\"><\/path><\/svg>\t\t\t\t\t\t\t\t\t\t\t\tSend Message\t\t\t\t\t\t\t\t\t\t\t\t<div class=\"solace-spinner\"><\/div>\n\t\t\t\t\t<\/button>\n\t\t\t\t<\/div>\n\t\t\t\t<div class=\"solaceform-form-msg\" style=\"display: none;\"><span><\/span><\/div>\n\t\t\t<\/div>\n\t\t\n\t\t<input type=\"hidden\" name=\"trp-form-language\" value=\"en\"\/><\/form>\n\t\t\t\t\t\t<\/div>\n\t\t\t\t<\/div>\n\t\t\t\t\t<\/div>\n\t\t\t\t<\/div>\n\t\t<div class=\"elementor-element elementor-element-4a6a0bf e-flex e-con-boxed e-con e-parent\" data-id=\"4a6a0bf\" data-element_type=\"container\" data-e-type=\"container\">\n\t\t\t\t\t<div class=\"e-con-inner\">\n\t\t\t\t\t<\/div>\n\t\t\t\t<\/div>\n\t\t\t\t<\/div>","protected":false},"excerpt":{"rendered":"<p>Cont\u00e1ctenos Nombre * Empresa | Organizaci\u00f3n Correo Electr\u00f3nico * Pa\u00eds * Mensaje * Enviar Mensaje<\/p>","protected":false},"author":1,"featured_media":0,"parent":0,"menu_order":0,"comment_status":"closed","ping_status":"closed","template":"","meta":{"solace_meta_sidebar":"","solace_meta_container":"","solace_meta_enable_content_width":"","solace_meta_content_width":0,"solace_meta_title_alignment":"","solace_meta_author_avatar":"","solace_post_elements_order":"","solace_meta_disable_header":"","solace_meta_disable_footer":"","solace_meta_disable_title":"","footnotes":""},"class_list":["post-69","page","type-page","status-publish","hentry"],"_hostinger_reach_plugin_has_subscription_block":false,"_hostinger_reach_plugin_is_elementor":false,"_links":{"self":[{"href":"https:\/\/trabsubca.com\/en\/wp-json\/wp\/v2\/pages\/69","targetHints":{"allow":["GET"]}}],"collection":[{"href":"https:\/\/trabsubca.com\/en\/wp-json\/wp\/v2\/pages"}],"about":[{"href":"https:\/\/trabsubca.com\/en\/wp-json\/wp\/v2\/types\/page"}],"author":[{"embeddable":true,"href":"https:\/\/trabsubca.com\/en\/wp-json\/wp\/v2\/users\/1"}],"replies":[{"embeddable":true,"href":"https:\/\/trabsubca.com\/en\/wp-json\/wp\/v2\/comments?post=69"}],"version-history":[{"count":16,"href":"https:\/\/trabsubca.com\/en\/wp-json\/wp\/v2\/pages\/69\/revisions"}],"predecessor-version":[{"id":833,"href":"https:\/\/trabsubca.com\/en\/wp-json\/wp\/v2\/pages\/69\/revisions\/833"}],"wp:attachment":[{"href":"https:\/\/trabsubca.com\/en\/wp-json\/wp\/v2\/media?parent=69"}],"curies":[{"name":"wp","href":"https:\/\/api.w.org\/{rel}","templated":true}]}}